{"id":449,"date":"2025-07-20T07:40:34","date_gmt":"2025-07-20T07:40:34","guid":{"rendered":"https:\/\/ibararemballage.com\/wordpress\/?page_id=449"},"modified":"2025-10-01T14:25:33","modified_gmt":"2025-10-01T14:25:33","slug":"demandez-un-devis","status":"publish","type":"page","link":"https:\/\/ibararemballage.com\/index.php\/demandez-un-devis\/","title":{"rendered":"Demandez un devis"},"content":{"rendered":"\t\t<div data-elementor-type=\"wp-page\" data-elementor-id=\"449\" class=\"elementor elementor-449\">\n\t\t\t\t\t\t<section class=\"elementor-section elementor-top-section elementor-element elementor-element-26222e15 elementor-section-full_width elementor-section-height-default elementor-section-height-default\" data-id=\"26222e15\" data-element_type=\"section\">\n\t\t\t\t\t\t<div class=\"elementor-container elementor-column-gap-default\">\n\t\t\t\t\t<div class=\"elementor-column elementor-col-100 elementor-top-column elementor-element elementor-element-4a951f95\" data-id=\"4a951f95\" data-element_type=\"column\">\n\t\t\t<div class=\"elementor-widget-wrap elementor-element-populated\">\n\t\t\t\t\t\t<div class=\"elementor-element elementor-element-897c6b3 elementor-widget elementor-widget-heading\" data-id=\"897c6b3\" data-element_type=\"widget\" data-widget_type=\"heading.default\">\n\t\t\t\t\t<h4 class=\"elementor-heading-title elementor-size-medium\">Obtenez un devis gratuit d\u00e8s maintenant en remplissant le formulaire ci-dessous !<\/h4>\t\t\t\t<\/div>\n\t\t\t\t\t<\/div>\n\t\t<\/div>\n\t\t\t\t\t<\/div>\n\t\t<\/section>\n\t\t\t\t<section class=\"elementor-section elementor-top-section elementor-element elementor-element-7381fb2e elementor-section-full_width elementor-section-height-default elementor-section-height-default\" data-id=\"7381fb2e\" data-element_type=\"section\" data-settings=\"{&quot;background_background&quot;:&quot;classic&quot;}\">\n\t\t\t\t\t\t<div class=\"elementor-container elementor-column-gap-no\">\n\t\t\t\t\t<div class=\"elementor-column elementor-col-50 elementor-top-column elementor-element elementor-element-3a2880c9 elementor-hidden-tablet elementor-hidden-mobile\" data-id=\"3a2880c9\" data-element_type=\"column\" data-settings=\"{&quot;background_background&quot;:&quot;classic&quot;}\">\n\t\t\t<div class=\"elementor-widget-wrap\">\n\t\t\t\t\t<div class=\"elementor-background-overlay\"><\/div>\n\t\t\t\t\t\t\t<\/div>\n\t\t<\/div>\n\t\t\t\t<div class=\"elementor-column elementor-col-50 elementor-top-column elementor-element elementor-element-647105c\" data-id=\"647105c\" data-element_type=\"column\" data-settings=\"{&quot;background_background&quot;:&quot;classic&quot;}\">\n\t\t\t<div class=\"elementor-widget-wrap elementor-element-populated\">\n\t\t\t\t\t\t<div class=\"elementor-element elementor-element-66d3931 elementor-widget elementor-widget-shortcode\" data-id=\"66d3931\" data-element_type=\"widget\" data-widget_type=\"shortcode.default\">\n\t\t\t\t\t\t\t<div class=\"elementor-shortcode\">\n<div class=\"wpcf7 no-js\" id=\"wpcf7-f455-o1\" lang=\"fr-FR\" dir=\"ltr\" data-wpcf7-id=\"455\">\n<div class=\"screen-reader-response\"><p role=\"status\" aria-live=\"polite\" aria-atomic=\"true\"><\/p> <ul><\/ul><\/div>\n<form action=\"\/index.php\/wp-json\/wp\/v2\/pages\/449#wpcf7-f455-o1\" method=\"post\" class=\"wpcf7-form init\" aria-label=\"Formulaire de contact\" novalidate=\"novalidate\" data-status=\"init\">\n<fieldset class=\"hidden-fields-container\"><input type=\"hidden\" name=\"_wpcf7\" value=\"455\" \/><input type=\"hidden\" name=\"_wpcf7_version\" value=\"6.1.1\" \/><input type=\"hidden\" name=\"_wpcf7_locale\" value=\"fr_FR\" \/><input type=\"hidden\" name=\"_wpcf7_unit_tag\" value=\"wpcf7-f455-o1\" \/><input type=\"hidden\" name=\"_wpcf7_container_post\" value=\"0\" \/><input type=\"hidden\" name=\"_wpcf7_posted_data_hash\" value=\"\" \/>\n<\/fieldset>\n<p><b style=\"color:#2b529e;\"> INFORMATIONS CLIENT <\/b>\n<\/p>\n<div class =\"clearfix\">\n\t<div id=\"left\">\n\t\t<p><label> Nom complet<br \/>\n<span class=\"wpcf7-form-control-wrap\" data-name=\"your-name\"><input size=\"40\" maxlength=\"400\" class=\"wpcf7-form-control wpcf7-text wpcf7-validates-as-required\" autocomplete=\"name\" aria-required=\"true\" aria-invalid=\"false\" value=\"Entrez votre nom\" type=\"text\" name=\"your-name\" \/><\/span> <\/label><br \/>\n<label> E-mail<br \/>\n<span class=\"wpcf7-form-control-wrap\" data-name=\"your-email\"><input size=\"40\" maxlength=\"400\" class=\"wpcf7-form-control wpcf7-email wpcf7-validates-as-required wpcf7-text wpcf7-validates-as-email\" autocomplete=\"email\" aria-required=\"true\" aria-invalid=\"false\" value=\"Entrez votre email\" type=\"email\" name=\"your-email\" \/><\/span> <\/label>\n\t\t<\/p>\n\t<\/div>\n\t<div id=\"right\">\n\t\t<p><label>Num\u00e9ro de t\u00e9l\u00e9phone<br \/>\n<span class=\"wpcf7-form-control-wrap\" data-name=\"tel-956\"><input size=\"40\" maxlength=\"400\" class=\"wpcf7-form-control wpcf7-tel wpcf7-validates-as-required wpcf7-text wpcf7-validates-as-tel\" aria-required=\"true\" aria-invalid=\"false\" value=\"Entrez votre num\u00e9ro de t\u00e9l\u00e9phone\" type=\"tel\" name=\"tel-956\" \/><\/span> <\/label><br \/>\n<label> Adresse<br \/>\n<span class=\"wpcf7-form-control-wrap\" data-name=\"adress\"><input size=\"40\" maxlength=\"400\" class=\"wpcf7-form-control wpcf7-text wpcf7-validates-as-required\" aria-required=\"true\" aria-invalid=\"false\" value=\"Entrez votre adresse\" type=\"text\" name=\"adress\" \/><\/span> <\/label>\n\t\t<\/p>\n\t<\/div>\n<\/div>\n<p><label> Nom de l'entreprise<br \/>\n<span class=\"wpcf7-form-control-wrap\" data-name=\"text-44\"><input size=\"40\" maxlength=\"400\" class=\"wpcf7-form-control wpcf7-text\" aria-invalid=\"false\" value=\"Entrez le nom de votre entreprise\" type=\"text\" name=\"text-44\" \/><\/span> <\/label>\n<\/p>\n<div>\n<hr \/>\n<\/div>\n<p><b style=\"color:#2b529e;\"> INFORMATIONS PRODUIT <\/b>\n<\/p>\n<p><label> Type de produit<br \/>\n<span class=\"wpcf7-form-control-wrap\" data-name=\"menu-555\"><select class=\"wpcf7-form-control wpcf7-select\" aria-invalid=\"false\" name=\"menu-555\"><option value=\"Caisse Am\u00e9ricaine\">Caisse Am\u00e9ricaine<\/option><option value=\"ceinture\">ceinture<\/option><option value=\"Plaque\">Plaque<\/option><option value=\"Box\">Box<\/option><option value=\"Barquettes\">Barquettes<\/option><option value=\"Autre\">Autre<\/option><\/select><\/span> <\/label>\n<\/p>\n<p><label> Profil<br \/>\n<span class=\"wpcf7-form-control-wrap\" data-name=\"menu-556\"><select class=\"wpcf7-form-control wpcf7-select\" aria-invalid=\"false\" name=\"menu-556\"><option value=\"E\">E<\/option><option value=\"B\">B<\/option><option value=\"C\">C<\/option><option value=\"BE\">BE<\/option><option value=\"CE\">CE<\/option><option value=\"BC\">BC<\/option><option value=\"Autre\">Autre<\/option><\/select><\/span> <\/label><br \/>\n<label> Grammage<br \/>\n<span class=\"wpcf7-form-control-wrap\" data-name=\"grammage\"><input size=\"40\" maxlength=\"400\" class=\"wpcf7-form-control wpcf7-text wpcf7-validates-as-required\" autocomplete=\"grammage\" aria-required=\"true\" aria-invalid=\"false\" value=\"Entrez le grammage de produit\" type=\"text\" name=\"grammage\" \/><\/span> <\/label>\n<\/p>\n<p><label> Quantit\u00e9 <span class=\"wpcf7-form-control-wrap\" data-name=\"quantit\"><input class=\"wpcf7-form-control wpcf7-number wpcf7-validates-as-number\" aria-invalid=\"false\" value=\"0\" type=\"number\" name=\"quantit\" \/><\/span> <\/label>\n<\/p>\n<div id=\"left\">\n\t<p><label> Longueur <span class=\"wpcf7-form-control-wrap\" data-name=\"Hauteur\"><input class=\"wpcf7-form-control wpcf7-number wpcf7-validates-as-number\" aria-invalid=\"false\" value=\"0\" type=\"number\" name=\"Hauteur\" \/><\/span> <\/label><br \/>\n<label> Largeur <span class=\"wpcf7-form-control-wrap\" data-name=\"Largeur\"><input class=\"wpcf7-form-control wpcf7-number wpcf7-validates-as-number\" aria-invalid=\"false\" value=\"0\" type=\"number\" name=\"Largeur\" \/><\/span> <\/label><br \/>\n<label> Hauteur <span class=\"wpcf7-form-control-wrap\" data-name=\"Langueur\"><input class=\"wpcf7-form-control wpcf7-number wpcf7-validates-as-number\" aria-invalid=\"false\" value=\"0\" type=\"number\" name=\"Langueur\" \/><\/span> <\/label>\n\t<\/p>\n<\/div>\n<div id=\"right\">\n\t<p><label> Laize <span class=\"wpcf7-form-control-wrap\" data-name=\"coupe\"><input class=\"wpcf7-form-control wpcf7-number wpcf7-validates-as-number\" aria-invalid=\"false\" value=\"0\" type=\"number\" name=\"coupe\" \/><\/span> <\/label><br \/>\n<label> Coupe <span class=\"wpcf7-form-control-wrap\" data-name=\"laize\"><input class=\"wpcf7-form-control wpcf7-number wpcf7-validates-as-number\" aria-invalid=\"false\" value=\"0\" type=\"number\" name=\"laize\" \/><\/span> <\/label><br \/>\n<label> Support <span class=\"wpcf7-form-control-wrap\" data-name=\"couleur\"><select class=\"wpcf7-form-control wpcf7-select\" aria-invalid=\"false\" name=\"couleur\"><option value=\"\u00c9cru\">\u00c9cru<\/option><option value=\"Blanc\">Blanc<\/option><option value=\"Autre\">Autre<\/option><\/select><\/span> <\/label>\n\t<\/p>\n<\/div>\n<div style=\"text-align:center;\">\n\t<p><input class=\"wpcf7-form-control wpcf7-submit has-spinner\" type=\"submit\" value=\"Demander un devis\" \/>\n\t<\/p>\n<\/div>\n<style>\n#left {\n width: 47%;\n float: left;\n margin-right:3%;\n}\n \n#right {\n width: 47%;\n float: left;\nmargin-left:3%;\n}\n \n.clearfix:after {\n content:\"20\";\n display:block;\n height:0;\n clear:both;\n visibility:hidden;\n overflow:hidden;\n \/* margin-bottom:10px;*\/\n}\n \n.clearfix {\n display:block;\n}\n<\/style><div class=\"wpcf7-response-output\" aria-hidden=\"true\"><\/div>\n<\/form>\n<\/div>\n<\/div>\n\t\t\t\t\t\t<\/div>\n\t\t\t\t\t<\/div>\n\t\t<\/div>\n\t\t\t\t\t<\/div>\n\t\t<\/section>\n\t\t\t\t<\/div>\n\t\t","protected":false},"excerpt":{"rendered":"<p>Obtenez un devis gratuit d\u00e8s maintenant en remplissant le formulaire ci-dessous !<\/p>\n","protected":false},"author":1,"featured_media":0,"parent":0,"menu_order":0,"comment_status":"closed","ping_status":"closed","template":"","meta":{"_monsterinsights_skip_tracking":false,"_monsterinsights_sitenote_active":false,"_monsterinsights_sitenote_note":"","_monsterinsights_sitenote_category":0,"site-sidebar-layout":"default","site-content-layout":"","ast-site-content-layout":"default","site-content-style":"default","site-sidebar-style":"default","ast-global-header-display":"","ast-banner-title-visibility":"","ast-main-header-display":"","ast-hfb-above-header-display":"","ast-hfb-below-header-display":"","ast-hfb-mobile-header-display":"","site-post-title":"","ast-breadcrumbs-content":"","ast-featured-img":"","footer-sml-layout":"","theme-transparent-header-meta":"","adv-header-id-meta":"","stick-header-meta":"","header-above-stick-meta":"","header-main-stick-meta":"","header-below-stick-meta":"","astra-migrate-meta-layouts":"default","ast-page-background-enabled":"default","ast-page-background-meta":{"desktop":{"background-color":"var(--ast-global-color-5)","background-image":"","background-repeat":"repeat","background-position":"center center","background-size":"auto","background-attachment":"scroll","background-type":"","background-media":"","overlay-type":"","overlay-color":"","overlay-opacity":"","overlay-gradient":""},"tablet":{"background-color":"","background-image":"","background-repeat":"repeat","background-position":"center center","background-size":"auto","background-attachment":"scroll","background-type":"","background-media":"","overlay-type":"","overlay-color":"","overlay-opacity":"","overlay-gradient":""},"mobile":{"background-color":"","background-image":"","background-repeat":"repeat","background-position":"center center","background-size":"auto","background-attachment":"scroll","background-type":"","background-media":"","overlay-type":"","overlay-color":"","overlay-opacity":"","overlay-gradient":""}},"ast-content-background-meta":{"desktop":{"background-color":"var(--ast-global-color-4)","background-image":"","background-repeat":"repeat","background-position":"center center","background-size":"auto","background-attachment":"scroll","background-type":"","background-media":"","overlay-type":"","overlay-color":"","overlay-opacity":"","overlay-gradient":""},"tablet":{"background-color":"var(--ast-global-color-4)","background-image":"","background-repeat":"repeat","background-position":"center center","background-size":"auto","background-attachment":"scroll","background-type":"","background-media":"","overlay-type":"","overlay-color":"","overlay-opacity":"","overlay-gradient":""},"mobile":{"background-color":"var(--ast-global-color-4)","background-image":"","background-repeat":"repeat","background-position":"center center","background-size":"auto","background-attachment":"scroll","background-type":"","background-media":"","overlay-type":"","overlay-color":"","overlay-opacity":"","overlay-gradient":""}},"footnotes":""},"class_list":["post-449","page","type-page","status-publish","hentry"],"yoast_head":"<!-- This site is optimized with the Yoast SEO plugin v25.8 - https:\/\/yoast.com\/wordpress\/plugins\/seo\/ -->\n<title>Demandez un devis -<\/title>\n<meta name=\"robots\" content=\"index, follow, max-snippet:-1, max-image-preview:large, max-video-preview:-1\" \/>\n<link rel=\"canonical\" href=\"https:\/\/ibararemballage.com\/index.php\/demandez-un-devis\/\" \/>\n<meta property=\"og:locale\" content=\"fr_FR\" \/>\n<meta property=\"og:type\" content=\"article\" \/>\n<meta property=\"og:title\" content=\"Demandez un devis -\" \/>\n<meta property=\"og:description\" content=\"Obtenez un devis gratuit d\u00e8s maintenant en remplissant le formulaire ci-dessous !\" \/>\n<meta property=\"og:url\" content=\"https:\/\/ibararemballage.com\/index.php\/demandez-un-devis\/\" \/>\n<meta property=\"article:modified_time\" content=\"2025-10-01T14:25:33+00:00\" \/>\n<meta name=\"twitter:card\" content=\"summary_large_image\" \/>\n<meta name=\"twitter:label1\" content=\"Dur\u00e9e de lecture estim\u00e9e\" \/>\n\t<meta name=\"twitter:data1\" content=\"1 minute\" \/>\n<script type=\"application\/ld+json\" class=\"yoast-schema-graph\">{\"@context\":\"https:\/\/schema.org\",\"@graph\":[{\"@type\":\"WebPage\",\"@id\":\"https:\/\/ibararemballage.com\/index.php\/demandez-un-devis\/\",\"url\":\"https:\/\/ibararemballage.com\/index.php\/demandez-un-devis\/\",\"name\":\"Demandez un devis -\",\"isPartOf\":{\"@id\":\"https:\/\/ibararemballage.com\/#website\"},\"datePublished\":\"2025-07-20T07:40:34+00:00\",\"dateModified\":\"2025-10-01T14:25:33+00:00\",\"breadcrumb\":{\"@id\":\"https:\/\/ibararemballage.com\/index.php\/demandez-un-devis\/#breadcrumb\"},\"inLanguage\":\"fr-FR\",\"potentialAction\":[{\"@type\":\"ReadAction\",\"target\":[\"https:\/\/ibararemballage.com\/index.php\/demandez-un-devis\/\"]}]},{\"@type\":\"BreadcrumbList\",\"@id\":\"https:\/\/ibararemballage.com\/index.php\/demandez-un-devis\/#breadcrumb\",\"itemListElement\":[{\"@type\":\"ListItem\",\"position\":1,\"name\":\"Accueil\",\"item\":\"https:\/\/ibararemballage.com\/\"},{\"@type\":\"ListItem\",\"position\":2,\"name\":\"Demandez un devis\"}]},{\"@type\":\"WebSite\",\"@id\":\"https:\/\/ibararemballage.com\/#website\",\"url\":\"https:\/\/ibararemballage.com\/\",\"name\":\"\",\"description\":\"\",\"publisher\":{\"@id\":\"https:\/\/ibararemballage.com\/#organization\"},\"potentialAction\":[{\"@type\":\"SearchAction\",\"target\":{\"@type\":\"EntryPoint\",\"urlTemplate\":\"https:\/\/ibararemballage.com\/?s={search_term_string}\"},\"query-input\":{\"@type\":\"PropertyValueSpecification\",\"valueRequired\":true,\"valueName\":\"search_term_string\"}}],\"inLanguage\":\"fr-FR\"},{\"@type\":\"Organization\",\"@id\":\"https:\/\/ibararemballage.com\/#organization\",\"name\":\"ibarar emballage\",\"url\":\"https:\/\/ibararemballage.com\/\",\"logo\":{\"@type\":\"ImageObject\",\"inLanguage\":\"fr-FR\",\"@id\":\"https:\/\/ibararemballage.com\/#\/schema\/logo\/image\/\",\"url\":\"https:\/\/ibararemballage.com\/wordpress\/wp-content\/uploads\/2025\/07\/cropped-cropped-logo-2-removebg-preview-2-1-1.png\",\"contentUrl\":\"https:\/\/ibararemballage.com\/wordpress\/wp-content\/uploads\/2025\/07\/cropped-cropped-logo-2-removebg-preview-2-1-1.png\",\"width\":198,\"height\":66,\"caption\":\"ibarar emballage\"},\"image\":{\"@id\":\"https:\/\/ibararemballage.com\/#\/schema\/logo\/image\/\"},\"sameAs\":[\"https:\/\/www.linkedin.com\/company\/ibararemballage\"]}]}<\/script>\n<!-- \/ Yoast SEO plugin. -->","yoast_head_json":{"title":"Demandez un devis -","robots":{"index":"index","follow":"follow","max-snippet":"max-snippet:-1","max-image-preview":"max-image-preview:large","max-video-preview":"max-video-preview:-1"},"canonical":"https:\/\/ibararemballage.com\/index.php\/demandez-un-devis\/","og_locale":"fr_FR","og_type":"article","og_title":"Demandez un devis -","og_description":"Obtenez un devis gratuit d\u00e8s maintenant en remplissant le formulaire ci-dessous !","og_url":"https:\/\/ibararemballage.com\/index.php\/demandez-un-devis\/","article_modified_time":"2025-10-01T14:25:33+00:00","twitter_card":"summary_large_image","twitter_misc":{"Dur\u00e9e de lecture estim\u00e9e":"1 minute"},"schema":{"@context":"https:\/\/schema.org","@graph":[{"@type":"WebPage","@id":"https:\/\/ibararemballage.com\/index.php\/demandez-un-devis\/","url":"https:\/\/ibararemballage.com\/index.php\/demandez-un-devis\/","name":"Demandez un devis -","isPartOf":{"@id":"https:\/\/ibararemballage.com\/#website"},"datePublished":"2025-07-20T07:40:34+00:00","dateModified":"2025-10-01T14:25:33+00:00","breadcrumb":{"@id":"https:\/\/ibararemballage.com\/index.php\/demandez-un-devis\/#breadcrumb"},"inLanguage":"fr-FR","potentialAction":[{"@type":"ReadAction","target":["https:\/\/ibararemballage.com\/index.php\/demandez-un-devis\/"]}]},{"@type":"BreadcrumbList","@id":"https:\/\/ibararemballage.com\/index.php\/demandez-un-devis\/#breadcrumb","itemListElement":[{"@type":"ListItem","position":1,"name":"Accueil","item":"https:\/\/ibararemballage.com\/"},{"@type":"ListItem","position":2,"name":"Demandez un devis"}]},{"@type":"WebSite","@id":"https:\/\/ibararemballage.com\/#website","url":"https:\/\/ibararemballage.com\/","name":"","description":"","publisher":{"@id":"https:\/\/ibararemballage.com\/#organization"},"potentialAction":[{"@type":"SearchAction","target":{"@type":"EntryPoint","urlTemplate":"https:\/\/ibararemballage.com\/?s={search_term_string}"},"query-input":{"@type":"PropertyValueSpecification","valueRequired":true,"valueName":"search_term_string"}}],"inLanguage":"fr-FR"},{"@type":"Organization","@id":"https:\/\/ibararemballage.com\/#organization","name":"ibarar emballage","url":"https:\/\/ibararemballage.com\/","logo":{"@type":"ImageObject","inLanguage":"fr-FR","@id":"https:\/\/ibararemballage.com\/#\/schema\/logo\/image\/","url":"https:\/\/ibararemballage.com\/wordpress\/wp-content\/uploads\/2025\/07\/cropped-cropped-logo-2-removebg-preview-2-1-1.png","contentUrl":"https:\/\/ibararemballage.com\/wordpress\/wp-content\/uploads\/2025\/07\/cropped-cropped-logo-2-removebg-preview-2-1-1.png","width":198,"height":66,"caption":"ibarar emballage"},"image":{"@id":"https:\/\/ibararemballage.com\/#\/schema\/logo\/image\/"},"sameAs":["https:\/\/www.linkedin.com\/company\/ibararemballage"]}]}},"_links":{"self":[{"href":"https:\/\/ibararemballage.com\/index.php\/wp-json\/wp\/v2\/pages\/449","targetHints":{"allow":["GET"]}}],"collection":[{"href":"https:\/\/ibararemballage.com\/index.php\/wp-json\/wp\/v2\/pages"}],"about":[{"href":"https:\/\/ibararemballage.com\/index.php\/wp-json\/wp\/v2\/types\/page"}],"author":[{"embeddable":true,"href":"https:\/\/ibararemballage.com\/index.php\/wp-json\/wp\/v2\/users\/1"}],"replies":[{"embeddable":true,"href":"https:\/\/ibararemballage.com\/index.php\/wp-json\/wp\/v2\/comments?post=449"}],"version-history":[{"count":41,"href":"https:\/\/ibararemballage.com\/index.php\/wp-json\/wp\/v2\/pages\/449\/revisions"}],"predecessor-version":[{"id":1050,"href":"https:\/\/ibararemballage.com\/index.php\/wp-json\/wp\/v2\/pages\/449\/revisions\/1050"}],"wp:attachment":[{"href":"https:\/\/ibararemballage.com\/index.php\/wp-json\/wp\/v2\/media?parent=449"}],"curies":[{"name":"wp","href":"https:\/\/api.w.org\/{rel}","templated":true}]}}