{"id":146,"date":"2025-07-10T09:57:08","date_gmt":"2025-07-10T09:57:08","guid":{"rendered":"https:\/\/ibararemballage.com\/wordpress\/?page_id=146"},"modified":"2025-09-15T13:28:05","modified_gmt":"2025-09-15T13:28:05","slug":"re","status":"publish","type":"page","link":"https:\/\/ibararemballage.com\/index.php\/re\/","title":{"rendered":"Recrutement"},"content":{"rendered":"\t\t<div data-elementor-type=\"wp-page\" data-elementor-id=\"146\" class=\"elementor elementor-146\">\n\t\t\t\t<div class=\"elementor-element elementor-element-f22fb20 e-flex e-con-boxed e-con e-parent\" data-id=\"f22fb20\" data-element_type=\"container\">\n\t\t\t\t\t<div class=\"e-con-inner\">\n\t\t\t\t<div class=\"elementor-element elementor-element-acbb16e elementor-widget elementor-widget-heading\" data-id=\"acbb16e\" data-element_type=\"widget\" data-widget_type=\"heading.default\">\n\t\t\t\t\t<h2 class=\"elementor-heading-title elementor-size-default\">Candidature spontan\u00e9e<\/h2>\t\t\t\t<\/div>\n\t\t\t\t<div class=\"elementor-element elementor-element-54bb798 elementor-widget elementor-widget-text-editor\" data-id=\"54bb798\" data-element_type=\"widget\" data-widget_type=\"text-editor.default\">\n\t\t\t\t\t\t\t\t\t<p>Bienvenue sur notre page de recrutement ! Nous sommes ravis que vous envisagiez de rejoindre notre \u00e9quipe dynamique et passionn\u00e9e. Chez nous, nous recherchons des personnes talentueuses, motiv\u00e9es et engag\u00e9es pour nous aider \u00e0 poursuivre notre mission et \u00e0 atteindre nos objectifs ambitieux. Nous sommes une entreprise ax\u00e9e sur la croissance, qui valorise l\u2019innovation, la cr\u00e9ativit\u00e9 et l\u2019esprit\u00a0d\u2019\u00e9quipe.<\/p>\t\t\t\t\t\t\t\t<\/div>\n\t\t\t\t\t<\/div>\n\t\t\t\t<\/div>\n\t\t<div class=\"elementor-element elementor-element-79309c8 e-flex e-con-boxed e-con e-parent\" data-id=\"79309c8\" data-element_type=\"container\">\n\t\t\t\t\t<div class=\"e-con-inner\">\n\t\t\t\t\t<\/div>\n\t\t\t\t<\/div>\n\t\t<div class=\"elementor-element elementor-element-24a07db e-grid e-con-boxed e-con e-parent\" data-id=\"24a07db\" data-element_type=\"container\">\n\t\t\t\t\t<div class=\"e-con-inner\">\n\t\t\t\t<div class=\"elementor-element elementor-element-55eb228 elementor-widget__width-initial elementor-widget elementor-widget-shortcode\" data-id=\"55eb228\" data-element_type=\"widget\" data-widget_type=\"shortcode.default\">\n\t\t\t\t\t\t\t<div class=\"elementor-shortcode\">\n<div class=\"wpcf7 no-js\" id=\"wpcf7-f264-o1\" lang=\"fr-FR\" dir=\"ltr\" data-wpcf7-id=\"264\">\n<div class=\"screen-reader-response\"><p role=\"status\" aria-live=\"polite\" aria-atomic=\"true\"><\/p> <ul><\/ul><\/div>\n<form action=\"\/index.php\/wp-json\/wp\/v2\/pages\/146#wpcf7-f264-o1\" method=\"post\" class=\"wpcf7-form init\" aria-label=\"Formulaire de contact\" enctype=\"multipart\/form-data\" novalidate=\"novalidate\" data-status=\"init\">\n<fieldset class=\"hidden-fields-container\"><input type=\"hidden\" name=\"_wpcf7\" value=\"264\" \/><input type=\"hidden\" name=\"_wpcf7_version\" value=\"6.1.1\" \/><input type=\"hidden\" name=\"_wpcf7_locale\" value=\"fr_FR\" \/><input type=\"hidden\" name=\"_wpcf7_unit_tag\" value=\"wpcf7-f264-o1\" \/><input type=\"hidden\" name=\"_wpcf7_container_post\" value=\"0\" \/><input type=\"hidden\" name=\"_wpcf7_posted_data_hash\" value=\"\" \/>\n<\/fieldset>\n<div class= clearfix >\n\t<div id=\"left\">\n\t\t<p><label> Nom complet<br \/>\n<span class=\"wpcf7-form-control-wrap\" data-name=\"your-name\"><input size=\"40\" maxlength=\"400\" class=\"wpcf7-form-control wpcf7-text wpcf7-validates-as-required\" autocomplete=\"name\" aria-required=\"true\" aria-invalid=\"false\" value=\"Entrez votre nom\" type=\"text\" name=\"your-name\" \/><\/span> <\/label>\n\t\t<\/p>\n\t\t<p><label> E-mail<br \/>\n<span class=\"wpcf7-form-control-wrap\" data-name=\"your-email\"><input size=\"40\" maxlength=\"400\" class=\"wpcf7-form-control wpcf7-email wpcf7-validates-as-required wpcf7-text wpcf7-validates-as-email\" autocomplete=\"email\" aria-required=\"true\" aria-invalid=\"false\" value=\"Entrez votre email\" type=\"email\" name=\"your-email\" \/><\/span> <\/label>\n\t\t<\/p>\n\t\t<p><label> Num\u00e9ro de t\u00e9l\u00e9phone<br \/>\n<span class=\"wpcf7-form-control-wrap\" data-name=\"tel-956\"><input size=\"40\" maxlength=\"400\" class=\"wpcf7-form-control wpcf7-tel wpcf7-validates-as-required wpcf7-text wpcf7-validates-as-tel\" aria-required=\"true\" aria-invalid=\"false\" value=\"Entrez votre num\u00e9ro de t\u00e9l\u00e9phone\" type=\"tel\" name=\"tel-956\" \/><\/span> <\/label>\n\t\t<\/p>\n\t<\/div>\n\t<div id=\"right\">\n\t\t<p><label> Adresse<br \/>\n<span class=\"wpcf7-form-control-wrap\" data-name=\"your-adress\"><input size=\"40\" maxlength=\"400\" class=\"wpcf7-form-control wpcf7-text wpcf7-validates-as-required\" autocomplete=\"adress\" aria-required=\"true\" aria-invalid=\"false\" value=\"Introduisez votre num\u00e9ro de t\u00e9l\u00e9phone SVP\" type=\"text\" name=\"your-adress\" \/><\/span> <\/label>\n\t\t<\/p>\n\t\t<p><label> Age<br \/>\n<span class=\"wpcf7-form-control-wrap\" data-name=\"number-455\"><input class=\"wpcf7-form-control wpcf7-number wpcf7-validates-as-number\" aria-invalid=\"false\" value=\"0\" type=\"number\" name=\"number-455\" \/><\/span><br \/>\n<\/label>\n\t\t<\/p>\n\t\t<p><label> Niveau d'\u00e9tudes<br \/>\n<span class=\"wpcf7-form-control-wrap\" data-name=\"menu-703\"><select class=\"wpcf7-form-control wpcf7-select\" aria-invalid=\"false\" name=\"menu-703\"><option value=\"Bac\">Bac<\/option><option value=\"Licence\">Licence<\/option><option value=\"Master\">Master<\/option><option value=\"Doctorat\">Doctorat<\/option><option value=\"Autre\">Autre<\/option><\/select><\/span><br \/>\n<\/label>\n\t\t<\/p>\n\t<\/div>\n<\/div>\n<p><label><br \/>\n<b> Votre CV <\/b><br \/>\n<span class=\"wpcf7-form-control-wrap\" data-name=\"file-2\"><input size=\"40\" class=\"wpcf7-form-control wpcf7-file\" accept=\".pdf,.docx,.png,.jpg\" aria-invalid=\"false\" type=\"file\" name=\"file-2\" \/><\/span><br \/>\n<\/label>\n<\/p>\n<div style=\"text-align:center;\">\n\t<p><input class=\"wpcf7-form-control wpcf7-submit has-spinner\" type=\"submit\" value=\"Envoyer\" \/>\n\t<\/p>\n<\/div>\n<style>\n#left {\n width: 47%;\n float: left;\n margin-right:3%;\n}\n \n#right {\n width: 47%;\n float: left;\nmargin-left:3%;\n}\n \n.clearfix:after {\n content:\"20\";\n display:block;\n height:0;\n clear:both;\n visibility:hidden;\n overflow:hidden;\n \/* margin-bottom:10px;*\/\n}\n \n.clearfix {\n display:block;\n}\n<\/style><div class=\"wpcf7-response-output\" aria-hidden=\"true\"><\/div>\n<\/form>\n<\/div>\n<\/div>\n\t\t\t\t\t\t<\/div>\n\t\t\t\t<div class=\"elementor-element elementor-element-a1cf867 elementor-widget elementor-widget-image\" data-id=\"a1cf867\" data-element_type=\"widget\" data-widget_type=\"image.default\">\n\t\t\t\t\t\t\t\t\t\t\t\t\t\t\t<img decoding=\"async\" src=\"https:\/\/ibararemballage.com\/wordpress\/wp-content\/uploads\/elementor\/thumbs\/gens-affaires-se-serrant-main-scaled-1-r8i9eczyx2kxg6f4dxy5j7lbh0rfyt1kqr6kp5by7w.jpg\" title=\"gens-affaires-se-serrant-main-scaled.jpg\" alt=\"gens-affaires-se-serrant-main-scaled.jpg\" loading=\"lazy\" \/>\t\t\t\t\t\t\t\t\t\t\t\t\t\t\t<\/div>\n\t\t\t\t\t<\/div>\n\t\t\t\t<\/div>\n\t\t\t\t<\/div>\n\t\t","protected":false},"excerpt":{"rendered":"<p>Candidature spontan\u00e9e Bienvenue sur notre page de recrutement ! Nous sommes ravis que vous envisagiez de rejoindre notre \u00e9quipe dynamique [&hellip;]<\/p>\n","protected":false},"author":1,"featured_media":0,"parent":0,"menu_order":0,"comment_status":"closed","ping_status":"closed","template":"","meta":{"_monsterinsights_skip_tracking":false,"_monsterinsights_sitenote_active":false,"_monsterinsights_sitenote_note":"","_monsterinsights_sitenote_category":0,"site-sidebar-layout":"default","site-content-layout":"","ast-site-content-layout":"default","site-content-style":"default","site-sidebar-style":"default","ast-global-header-display":"","ast-banner-title-visibility":"","ast-main-header-display":"","ast-hfb-above-header-display":"","ast-hfb-below-header-display":"","ast-hfb-mobile-header-display":"","site-post-title":"","ast-breadcrumbs-content":"","ast-featured-img":"","footer-sml-layout":"","theme-transparent-header-meta":"","adv-header-id-meta":"","stick-header-meta":"","header-above-stick-meta":"","header-main-stick-meta":"","header-below-stick-meta":"","astra-migrate-meta-layouts":"default","ast-page-background-enabled":"default","ast-page-background-meta":{"desktop":{"background-color":"var(--ast-global-color-5)","background-image":"","background-repeat":"repeat","background-position":"center center","background-size":"auto","background-attachment":"scroll","background-type":"","background-media":"","overlay-type":"","overlay-color":"","overlay-opacity":"","overlay-gradient":""},"tablet":{"background-color":"","background-image":"","background-repeat":"repeat","background-position":"center center","background-size":"auto","background-attachment":"scroll","background-type":"","background-media":"","overlay-type":"","overlay-color":"","overlay-opacity":"","overlay-gradient":""},"mobile":{"background-color":"","background-image":"","background-repeat":"repeat","background-position":"center center","background-size":"auto","background-attachment":"scroll","background-type":"","background-media":"","overlay-type":"","overlay-color":"","overlay-opacity":"","overlay-gradient":""}},"ast-content-background-meta":{"desktop":{"background-color":"var(--ast-global-color-4)","background-image":"","background-repeat":"repeat","background-position":"center center","background-size":"auto","background-attachment":"scroll","background-type":"","background-media":"","overlay-type":"","overlay-color":"","overlay-opacity":"","overlay-gradient":""},"tablet":{"background-color":"var(--ast-global-color-4)","background-image":"","background-repeat":"repeat","background-position":"center center","background-size":"auto","background-attachment":"scroll","background-type":"","background-media":"","overlay-type":"","overlay-color":"","overlay-opacity":"","overlay-gradient":""},"mobile":{"background-color":"var(--ast-global-color-4)","background-image":"","background-repeat":"repeat","background-position":"center center","background-size":"auto","background-attachment":"scroll","background-type":"","background-media":"","overlay-type":"","overlay-color":"","overlay-opacity":"","overlay-gradient":""}},"footnotes":""},"class_list":["post-146","page","type-page","status-publish","hentry"],"yoast_head":"<!-- This site is optimized with the Yoast SEO plugin v25.8 - https:\/\/yoast.com\/wordpress\/plugins\/seo\/ -->\n<title>Recrutement -<\/title>\n<meta name=\"robots\" content=\"index, follow, max-snippet:-1, max-image-preview:large, max-video-preview:-1\" \/>\n<link rel=\"canonical\" href=\"https:\/\/ibararemballage.com\/index.php\/re\/\" \/>\n<meta property=\"og:locale\" content=\"fr_FR\" \/>\n<meta property=\"og:type\" content=\"article\" \/>\n<meta property=\"og:title\" content=\"Recrutement -\" \/>\n<meta property=\"og:description\" content=\"Candidature spontan\u00e9e Bienvenue sur notre page de recrutement ! Nous sommes ravis que vous envisagiez de rejoindre notre \u00e9quipe dynamique [&hellip;]\" \/>\n<meta property=\"og:url\" content=\"https:\/\/ibararemballage.com\/index.php\/re\/\" \/>\n<meta property=\"article:modified_time\" content=\"2025-09-15T13:28:05+00:00\" \/>\n<meta property=\"og:image\" content=\"https:\/\/ibararemballage.com\/wordpress\/wp-content\/uploads\/elementor\/thumbs\/gens-affaires-se-serrant-main-scaled-1-r8i9eczyx2kxg6f4dxy5j7lbh0rfyt1kqr6kp5by7w.jpg\" \/>\n<meta name=\"twitter:card\" content=\"summary_large_image\" \/>\n<meta name=\"twitter:label1\" content=\"Dur\u00e9e de lecture estim\u00e9e\" \/>\n\t<meta name=\"twitter:data1\" content=\"1 minute\" \/>\n<script type=\"application\/ld+json\" class=\"yoast-schema-graph\">{\"@context\":\"https:\/\/schema.org\",\"@graph\":[{\"@type\":\"WebPage\",\"@id\":\"https:\/\/ibararemballage.com\/index.php\/re\/\",\"url\":\"https:\/\/ibararemballage.com\/index.php\/re\/\",\"name\":\"Recrutement -\",\"isPartOf\":{\"@id\":\"https:\/\/ibararemballage.com\/#website\"},\"primaryImageOfPage\":{\"@id\":\"https:\/\/ibararemballage.com\/index.php\/re\/#primaryimage\"},\"image\":{\"@id\":\"https:\/\/ibararemballage.com\/index.php\/re\/#primaryimage\"},\"thumbnailUrl\":\"https:\/\/ibararemballage.com\/wordpress\/wp-content\/uploads\/elementor\/thumbs\/gens-affaires-se-serrant-main-scaled-1-r8i9eczyx2kxg6f4dxy5j7lbh0rfyt1kqr6kp5by7w.jpg\",\"datePublished\":\"2025-07-10T09:57:08+00:00\",\"dateModified\":\"2025-09-15T13:28:05+00:00\",\"breadcrumb\":{\"@id\":\"https:\/\/ibararemballage.com\/index.php\/re\/#breadcrumb\"},\"inLanguage\":\"fr-FR\",\"potentialAction\":[{\"@type\":\"ReadAction\",\"target\":[\"https:\/\/ibararemballage.com\/index.php\/re\/\"]}]},{\"@type\":\"ImageObject\",\"inLanguage\":\"fr-FR\",\"@id\":\"https:\/\/ibararemballage.com\/index.php\/re\/#primaryimage\",\"url\":\"https:\/\/ibararemballage.com\/wordpress\/wp-content\/uploads\/elementor\/thumbs\/gens-affaires-se-serrant-main-scaled-1-r8i9eczyx2kxg6f4dxy5j7lbh0rfyt1kqr6kp5by7w.jpg\",\"contentUrl\":\"https:\/\/ibararemballage.com\/wordpress\/wp-content\/uploads\/elementor\/thumbs\/gens-affaires-se-serrant-main-scaled-1-r8i9eczyx2kxg6f4dxy5j7lbh0rfyt1kqr6kp5by7w.jpg\"},{\"@type\":\"BreadcrumbList\",\"@id\":\"https:\/\/ibararemballage.com\/index.php\/re\/#breadcrumb\",\"itemListElement\":[{\"@type\":\"ListItem\",\"position\":1,\"name\":\"Accueil\",\"item\":\"https:\/\/ibararemballage.com\/\"},{\"@type\":\"ListItem\",\"position\":2,\"name\":\"Recrutement\"}]},{\"@type\":\"WebSite\",\"@id\":\"https:\/\/ibararemballage.com\/#website\",\"url\":\"https:\/\/ibararemballage.com\/\",\"name\":\"\",\"description\":\"\",\"publisher\":{\"@id\":\"https:\/\/ibararemballage.com\/#organization\"},\"potentialAction\":[{\"@type\":\"SearchAction\",\"target\":{\"@type\":\"EntryPoint\",\"urlTemplate\":\"https:\/\/ibararemballage.com\/?s={search_term_string}\"},\"query-input\":{\"@type\":\"PropertyValueSpecification\",\"valueRequired\":true,\"valueName\":\"search_term_string\"}}],\"inLanguage\":\"fr-FR\"},{\"@type\":\"Organization\",\"@id\":\"https:\/\/ibararemballage.com\/#organization\",\"name\":\"ibarar emballage\",\"url\":\"https:\/\/ibararemballage.com\/\",\"logo\":{\"@type\":\"ImageObject\",\"inLanguage\":\"fr-FR\",\"@id\":\"https:\/\/ibararemballage.com\/#\/schema\/logo\/image\/\",\"url\":\"https:\/\/ibararemballage.com\/wordpress\/wp-content\/uploads\/2025\/07\/cropped-cropped-logo-2-removebg-preview-2-1-1.png\",\"contentUrl\":\"https:\/\/ibararemballage.com\/wordpress\/wp-content\/uploads\/2025\/07\/cropped-cropped-logo-2-removebg-preview-2-1-1.png\",\"width\":198,\"height\":66,\"caption\":\"ibarar emballage\"},\"image\":{\"@id\":\"https:\/\/ibararemballage.com\/#\/schema\/logo\/image\/\"},\"sameAs\":[\"https:\/\/www.linkedin.com\/company\/ibararemballage\"]}]}<\/script>\n<!-- \/ Yoast SEO plugin. -->","yoast_head_json":{"title":"Recrutement -","robots":{"index":"index","follow":"follow","max-snippet":"max-snippet:-1","max-image-preview":"max-image-preview:large","max-video-preview":"max-video-preview:-1"},"canonical":"https:\/\/ibararemballage.com\/index.php\/re\/","og_locale":"fr_FR","og_type":"article","og_title":"Recrutement -","og_description":"Candidature spontan\u00e9e Bienvenue sur notre page de recrutement ! Nous sommes ravis que vous envisagiez de rejoindre notre \u00e9quipe dynamique [&hellip;]","og_url":"https:\/\/ibararemballage.com\/index.php\/re\/","article_modified_time":"2025-09-15T13:28:05+00:00","og_image":[{"url":"https:\/\/ibararemballage.com\/wordpress\/wp-content\/uploads\/elementor\/thumbs\/gens-affaires-se-serrant-main-scaled-1-r8i9eczyx2kxg6f4dxy5j7lbh0rfyt1kqr6kp5by7w.jpg","type":"","width":"","height":""}],"twitter_card":"summary_large_image","twitter_misc":{"Dur\u00e9e de lecture estim\u00e9e":"1 minute"},"schema":{"@context":"https:\/\/schema.org","@graph":[{"@type":"WebPage","@id":"https:\/\/ibararemballage.com\/index.php\/re\/","url":"https:\/\/ibararemballage.com\/index.php\/re\/","name":"Recrutement -","isPartOf":{"@id":"https:\/\/ibararemballage.com\/#website"},"primaryImageOfPage":{"@id":"https:\/\/ibararemballage.com\/index.php\/re\/#primaryimage"},"image":{"@id":"https:\/\/ibararemballage.com\/index.php\/re\/#primaryimage"},"thumbnailUrl":"https:\/\/ibararemballage.com\/wordpress\/wp-content\/uploads\/elementor\/thumbs\/gens-affaires-se-serrant-main-scaled-1-r8i9eczyx2kxg6f4dxy5j7lbh0rfyt1kqr6kp5by7w.jpg","datePublished":"2025-07-10T09:57:08+00:00","dateModified":"2025-09-15T13:28:05+00:00","breadcrumb":{"@id":"https:\/\/ibararemballage.com\/index.php\/re\/#breadcrumb"},"inLanguage":"fr-FR","potentialAction":[{"@type":"ReadAction","target":["https:\/\/ibararemballage.com\/index.php\/re\/"]}]},{"@type":"ImageObject","inLanguage":"fr-FR","@id":"https:\/\/ibararemballage.com\/index.php\/re\/#primaryimage","url":"https:\/\/ibararemballage.com\/wordpress\/wp-content\/uploads\/elementor\/thumbs\/gens-affaires-se-serrant-main-scaled-1-r8i9eczyx2kxg6f4dxy5j7lbh0rfyt1kqr6kp5by7w.jpg","contentUrl":"https:\/\/ibararemballage.com\/wordpress\/wp-content\/uploads\/elementor\/thumbs\/gens-affaires-se-serrant-main-scaled-1-r8i9eczyx2kxg6f4dxy5j7lbh0rfyt1kqr6kp5by7w.jpg"},{"@type":"BreadcrumbList","@id":"https:\/\/ibararemballage.com\/index.php\/re\/#breadcrumb","itemListElement":[{"@type":"ListItem","position":1,"name":"Accueil","item":"https:\/\/ibararemballage.com\/"},{"@type":"ListItem","position":2,"name":"Recrutement"}]},{"@type":"WebSite","@id":"https:\/\/ibararemballage.com\/#website","url":"https:\/\/ibararemballage.com\/","name":"","description":"","publisher":{"@id":"https:\/\/ibararemballage.com\/#organization"},"potentialAction":[{"@type":"SearchAction","target":{"@type":"EntryPoint","urlTemplate":"https:\/\/ibararemballage.com\/?s={search_term_string}"},"query-input":{"@type":"PropertyValueSpecification","valueRequired":true,"valueName":"search_term_string"}}],"inLanguage":"fr-FR"},{"@type":"Organization","@id":"https:\/\/ibararemballage.com\/#organization","name":"ibarar emballage","url":"https:\/\/ibararemballage.com\/","logo":{"@type":"ImageObject","inLanguage":"fr-FR","@id":"https:\/\/ibararemballage.com\/#\/schema\/logo\/image\/","url":"https:\/\/ibararemballage.com\/wordpress\/wp-content\/uploads\/2025\/07\/cropped-cropped-logo-2-removebg-preview-2-1-1.png","contentUrl":"https:\/\/ibararemballage.com\/wordpress\/wp-content\/uploads\/2025\/07\/cropped-cropped-logo-2-removebg-preview-2-1-1.png","width":198,"height":66,"caption":"ibarar emballage"},"image":{"@id":"https:\/\/ibararemballage.com\/#\/schema\/logo\/image\/"},"sameAs":["https:\/\/www.linkedin.com\/company\/ibararemballage"]}]}},"_links":{"self":[{"href":"https:\/\/ibararemballage.com\/index.php\/wp-json\/wp\/v2\/pages\/146","targetHints":{"allow":["GET"]}}],"collection":[{"href":"https:\/\/ibararemballage.com\/index.php\/wp-json\/wp\/v2\/pages"}],"about":[{"href":"https:\/\/ibararemballage.com\/index.php\/wp-json\/wp\/v2\/types\/page"}],"author":[{"embeddable":true,"href":"https:\/\/ibararemballage.com\/index.php\/wp-json\/wp\/v2\/users\/1"}],"replies":[{"embeddable":true,"href":"https:\/\/ibararemballage.com\/index.php\/wp-json\/wp\/v2\/comments?post=146"}],"version-history":[{"count":66,"href":"https:\/\/ibararemballage.com\/index.php\/wp-json\/wp\/v2\/pages\/146\/revisions"}],"predecessor-version":[{"id":820,"href":"https:\/\/ibararemballage.com\/index.php\/wp-json\/wp\/v2\/pages\/146\/revisions\/820"}],"wp:attachment":[{"href":"https:\/\/ibararemballage.com\/index.php\/wp-json\/wp\/v2\/media?parent=146"}],"curies":[{"name":"wp","href":"https:\/\/api.w.org\/{rel}","templated":true}]}}